{"id":2697,"date":"2017-05-09T12:57:46","date_gmt":"2017-05-09T12:57:46","guid":{"rendered":"http:\/\/fitsa.net\/?page_id=2697"},"modified":"2022-09-29T11:05:33","modified_gmt":"2022-09-29T11:05:33","slug":"offices","status":"publish","type":"page","link":"https:\/\/fitsa.net\/en\/offices\/","title":{"rendered":"Offices"},"content":{"rendered":"[vc_row][vc_column el_class=\"office-list\"][vc_column_text]<strong>Offices:<\/strong><\/p>\n<ul>\n<li><strong><a href=\"http:\/\/fitsa.net\/?page_id=2699\">Main<\/a><\/strong><\/li>\n<li><strong><a href=\"http:\/\/fitsa.net\/?page_id=2701\">C\u00e1diz<\/a><\/strong><\/li>\n<li><strong><a href=\"https:\/\/fitsa.net\/en\/almeria\/\">Almer\u00eda<\/a><\/strong><\/li>\n<li><strong><a href=\"http:\/\/fitsa.net\/?page_id=2705\">Granada<\/a><\/strong><\/li>\n<li><strong><a href=\"http:\/\/fitsa.net\/?page_id=2707\">M\u00e1laga<\/a><\/strong><\/li>\n<li><strong><a href=\"http:\/\/fitsa.net\/?page_id=3303\">Ja\u00e9n<\/a><\/strong><\/li>\n<li><strong><a href=\"http:\/\/fitsa.net\/?page_id=3284\">Murcia<\/a><\/strong><\/li>\n<\/ul>\n[\/vc_column_text][\/vc_column][\/vc_row]\n","protected":false},"excerpt":{"rendered":"[vc_row][vc_column el_class=\"office-list\"][vc_column_text]Offices: Main C\u00e1diz Almer\u00eda Granada M\u00e1laga Ja\u00e9n Murcia [\/vc_column_text][\/vc_column][\/vc_row]","protected":false},"author":2,"featured_media":0,"parent":0,"menu_order":0,"comment_status":"closed","ping_status":"closed","template":"page-fullwidth.php","meta":{"_locale":"en_US","_original_post":"2407","footnotes":""},"_links":{"self":[{"href":"https:\/\/fitsa.net\/wp-json\/wp\/v2\/pages\/2697"}],"collection":[{"href":"https:\/\/fitsa.net\/wp-json\/wp\/v2\/pages"}],"about":[{"href":"https:\/\/fitsa.net\/wp-json\/wp\/v2\/types\/page"}],"author":[{"embeddable":true,"href":"https:\/\/fitsa.net\/wp-json\/wp\/v2\/users\/2"}],"replies":[{"embeddable":true,"href":"https:\/\/fitsa.net\/wp-json\/wp\/v2\/comments?post=2697"}],"version-history":[{"count":8,"href":"https:\/\/fitsa.net\/wp-json\/wp\/v2\/pages\/2697\/revisions"}],"predecessor-version":[{"id":3308,"href":"https:\/\/fitsa.net\/wp-json\/wp\/v2\/pages\/2697\/revisions\/3308"}],"wp:attachment":[{"href":"https:\/\/fitsa.net\/wp-json\/wp\/v2\/media?parent=2697"}],"curies":[{"name":"wp","href":"https:\/\/api.w.org\/{rel}","templated":true}]}}