{"id":2703,"date":"2017-05-10T08:01:14","date_gmt":"2017-05-10T08:01:14","guid":{"rendered":"http:\/\/fitsa.net\/?page_id=2703"},"modified":"2025-07-15T10:13:42","modified_gmt":"2025-07-15T10:13:42","slug":"almeria","status":"publish","type":"page","link":"https:\/\/fitsa.net\/en\/almeria\/","title":{"rendered":"Almer\u00eda"},"content":{"rendered":"<table class=\"table table-bordered table-striped\"><thead><tr><th>Adress<\/th><th>Google Maps<\/th><\/tr><\/thead><tbody><tr><td>\n<h3>Office Fitsa Almer\u00eda's Port<\/h3>\n<p>Estaci\u00f3n Mar\u00edtima, Local N\u00ba 3<br \/>\nPuerto de Almer\u00eda<br \/>\nC.P. 04002 ALMERIA<br \/>\nTlf\/Fax + 34 950 280 029<br \/>\nE-mail: <a href=\"mailto:almeria@fitsa.net\">almeria@fitsa.net<\/a>\u00a0 <td><iframe loading=\"lazy\" style=\"border: 0;\" src=\"https:\/\/www.google.com\/maps\/embed?pb=!1m0!3m2!1sen!2sus!4v1463393235148!6m8!1m7!1soZozhVjJLcBVjWrHAalosg!2m2!1d36.83530048789969!2d-2.467049192998136!3f230.44!4f-4.409999999999997!5f0.7820865974627469\" width=\"100%\" height=\"450\" frameborder=\"0\" allowfullscreen=\"allowfullscreen\"><\/iframe><br \/>\n<\/tr><tr>\n<td>\n<h3>Office Fitsa Almer\u00eda<\/h3>\n<p>C\/ Real N\u00ba 81<br \/>\nC.P.04002 ALMERIA<br \/>\nTlf\/Fax + 34 636 615 659<br \/>\nE-mail:<a href=\"mailto:alc@fitsa.net\"><span class=\"s4\">alc@fitsa.net<\/span><\/a>  <td><iframe loading=\"lazy\" style=\"border: 0;\" src=\"https:\/\/www.google.com\/maps\/embed?pb=!1m0!4v1497271457207!6m8!1m7!1scwa9hYq1yaI8lL-1RnJv3A!2m2!1d36.83742172122862!2d-2.465825783905643!3f118.29!4f-10.790000000000006!5f0.7820865974627469\" width=\"100%\" height=\"450\" frameborder=\"0\" allowfullscreen=\"allowfullscreen\"><\/iframe><br \/>\n<\/tr><tr>\n<td>\n<h3>Office Fitsa N\u00edjar EES Bayo<\/h3>\n<p>Ctra. A-7, Km 487.EESS BAYO<br \/>\nC.P.04100 Nijar \u2013 Almer\u00eda<br \/>\nTlf\/Fax + 34 681 624 406<br \/>\nE-mail:<a href=\"mailto:alj@fitsa.net\"><span class=\"s4\">alj@fitsa.net<\/span><\/a>  <td><iframe loading=\"lazy\" src=\"https:\/\/www.google.com\/maps\/embed?pb=!1m0!4v1497272030695!6m8!1m7!1s8tQfXvuV-F5uchCNKEBmiQ!2m2!1d36.95553454122064!2d-2.126966016995766!3f278.69!4f-4.829999999999998!5f0.7820865974627469\" width=\"100%\" height=\"450\" frameborder=\"0\" allowfullscreen=\"allowfullscreen\"><\/iframe><br \/>\n<\/tr><tr>\n<td>\n<h3>Office Fitsa Almer\u00eda V. Del Pobre<\/h3>\n<p>Calle Viajero N\u00ba 1, Salida 494 A-7.Venta del pobre.<br \/>\nC.P.04114 Nijar \u2013 Almer\u00eda<br \/>\nTlf\/Fax + 34 628 98 73 17<br \/>\nE-mail:<a href=\"mailto:aln@fitsa.net\"><span class=\"s4\">aln@fitsa.net<\/span><\/a>  <td><iframe loading=\"lazy\" src=\"https:\/\/www.google.com\/maps\/embed?pb=!1m0!4v1497272215402!6m8!1m7!1sDufsOo4IaK2t7zQF9HOPnQ!2m2!1d36.9931381920732!2d-2.067591343157801!3f210.33!4f-9.230000000000004!5f0.7820865974627469\" width=\"100%\" height=\"450\" frameborder=\"0\" allowfullscreen=\"allowfullscreen\"><\/iframe><br \/>\n<\/tr><tr>\n<td>\n<h3>Office Fitsa Vera<\/h3>\n<p>A-7 \u2013 Salida 529.\u00c1REA DE SERVICIO PUERTA DE VERA.<br \/>\nC.P.04628 ANTAS (Almer\u00eda)<br \/>\nTlf\/Fax + 34 618 921 243<br \/>\nE-mail:<a href=\"mailto:alv@fitsa.net\"><span class=\"s4\">alv@fitsa.net<\/span><\/a>  <td><iframe loading=\"lazy\" src=\"https:\/\/www.google.com\/maps\/embed?pb=!1m0!4v1497272396451!6m8!1m7!1sLEk-sqFRkVL43mEFp_jOvw!2m2!1d37.21384871767724!2d-1.897612025303744!3f250.29!4f-8.14!5f0.7820865974627469\" width=\"100%\" height=\"450\" frameborder=\"0\" allowfullscreen=\"allowfullscreen\"><\/iframe><br \/>\n<\/tr><\/tbody><\/table><!-- table (end) -->\n","protected":false},"excerpt":{"rendered":"AdressGoogle Maps Office Fitsa Almer\u00eda's Port Estaci\u00f3n Mar\u00edtima, Local N\u00ba 3 Puerto de Almer\u00eda C.P. 04002 ALMERIA Tlf\/Fax + 34 950 280 029 E-mail: almeria@fitsa.net\u00a0 Office Fitsa Almer\u00eda C\/ Real N\u00ba 81 C.P.04002 ALMERIA Tlf\/Fax + 34 636 615 659 E-mail:alc@fitsa.net Office Fitsa N\u00edjar EES Bayo Ctra. A-7, Km 487.EESS BAYO C.P.04100 Nijar \u2013 Almer\u00eda Tlf\/Fax + 34 681 624&nbsp;<a href=\"https:\/\/fitsa.net\/en\/almeria\/\" class=\"read-more\">Continue Reading<\/a>","protected":false},"author":2,"featured_media":0,"parent":0,"menu_order":0,"comment_status":"closed","ping_status":"closed","template":"page-fullwidth.php","meta":{"_locale":"en_US","_original_post":"2403","footnotes":""},"_links":{"self":[{"href":"https:\/\/fitsa.net\/wp-json\/wp\/v2\/pages\/2703"}],"collection":[{"href":"https:\/\/fitsa.net\/wp-json\/wp\/v2\/pages"}],"about":[{"href":"https:\/\/fitsa.net\/wp-json\/wp\/v2\/types\/page"}],"author":[{"embeddable":true,"href":"https:\/\/fitsa.net\/wp-json\/wp\/v2\/users\/2"}],"replies":[{"embeddable":true,"href":"https:\/\/fitsa.net\/wp-json\/wp\/v2\/comments?post=2703"}],"version-history":[{"count":6,"href":"https:\/\/fitsa.net\/wp-json\/wp\/v2\/pages\/2703\/revisions"}],"predecessor-version":[{"id":3280,"href":"https:\/\/fitsa.net\/wp-json\/wp\/v2\/pages\/2703\/revisions\/3280"}],"wp:attachment":[{"href":"https:\/\/fitsa.net\/wp-json\/wp\/v2\/media?parent=2703"}],"curies":[{"name":"wp","href":"https:\/\/api.w.org\/{rel}","templated":true}]}}