{"id":3303,"date":"2022-09-29T11:02:26","date_gmt":"2022-09-29T11:02:26","guid":{"rendered":"https:\/\/fitsa.net\/?page_id=3303"},"modified":"2022-09-29T11:02:26","modified_gmt":"2022-09-29T11:02:26","slug":"jaen","status":"publish","type":"page","link":"https:\/\/fitsa.net\/en\/jaen\/","title":{"rendered":"Ja\u00e9n"},"content":{"rendered":"<table class=\"table table-bordered table-striped\"><thead><tr><th>Address<\/th><th>Google Maps<\/th><\/tr><\/thead><tbody><tr><td>\n<h3>Office Fitsa Ja\u00e9n Santa Elena<\/h3>\n<p>Autov\u00eda A-4, Salida 262<br \/>\nC.P. 23213 Santa Elena - Abades Puerta de Andaluc\u00eda (Ja\u00e9n )<br \/>\nTlf\/Fax + 34 659 03 30 73<br \/>\nE-mail: <a href=\"mailto:jse@fitsa.net\">jse@fitsa.net<\/a>\u00a0 <td><iframe src=\"https:\/\/www.google.com\/maps\/embed?pb=!4v1664449257954!6m8!1m7!1sWGr96V0uuewwFn3fj2GyZg!2m2!1d38.31495809794244!2d-3.568733427828685!3f242.4!4f8.989999999999995!5f0.7820865974627469\" width=\"100%\" height=\"450\" style=\"border:0;\" frameborder=\"0\" allowfullscreen=\"allowfullscreen\" loading=\"lazy\" referrerpolicy=\"no-referrer-when-downgrade\"><\/iframe><br \/>\n<\/tr><\/tbody><\/table><!-- table (end) -->\n","protected":false},"excerpt":{"rendered":"AddressGoogle Maps Office Fitsa Ja\u00e9n Santa Elena Autov\u00eda A-4, Salida 262 C.P. 23213 Santa Elena - Abades Puerta de Andaluc\u00eda (Ja\u00e9n ) Tlf\/Fax + 34 659 03 30 73 E-mail: jse@fitsa.net\u00a0","protected":false},"author":2,"featured_media":0,"parent":0,"menu_order":0,"comment_status":"closed","ping_status":"closed","template":"page-fullwidth.php","meta":{"_locale":"en_US","_original_post":"3301","footnotes":""},"_links":{"self":[{"href":"https:\/\/fitsa.net\/wp-json\/wp\/v2\/pages\/3303"}],"collection":[{"href":"https:\/\/fitsa.net\/wp-json\/wp\/v2\/pages"}],"about":[{"href":"https:\/\/fitsa.net\/wp-json\/wp\/v2\/types\/page"}],"author":[{"embeddable":true,"href":"https:\/\/fitsa.net\/wp-json\/wp\/v2\/users\/2"}],"replies":[{"embeddable":true,"href":"https:\/\/fitsa.net\/wp-json\/wp\/v2\/comments?post=3303"}],"version-history":[{"count":1,"href":"https:\/\/fitsa.net\/wp-json\/wp\/v2\/pages\/3303\/revisions"}],"predecessor-version":[{"id":3305,"href":"https:\/\/fitsa.net\/wp-json\/wp\/v2\/pages\/3303\/revisions\/3305"}],"wp:attachment":[{"href":"https:\/\/fitsa.net\/wp-json\/wp\/v2\/media?parent=3303"}],"curies":[{"name":"wp","href":"https:\/\/api.w.org\/{rel}","templated":true}]}}