{"id":2709,"date":"2017-06-13T09:55:58","date_gmt":"2017-06-13T09:55:58","guid":{"rendered":"http:\/\/fitsa.net\/?page_id=2709"},"modified":"2017-06-13T10:18:51","modified_gmt":"2017-06-13T10:18:51","slug":"qui-sommes-nous","status":"publish","type":"page","link":"https:\/\/fitsa.net\/fr\/qui-sommes-nous\/","title":{"rendered":"Qui sommes nous"},"content":{"rendered":"<p><span style=\"color: #000000;\"><b>FITSA<\/b><\/span><\/p>\n<p>&nbsp;<\/p>\n<p>F.I.T.S.A. Il est un tour-op\u00e9rateur entrant fond\u00e9e en 1980 avec plus de 30 ans d'exp\u00e9rience dans le secteur.<\/p>\n<p>Nous offrons tous les avantages d'un op\u00e9rateur qui peut g\u00e9rer les besoins des clients de mani\u00e8re flexible et personnalis\u00e9, offrant tout du classique aux services les plus complexes et difficiles.<\/p>\n<p>Conscient de la superbe richesse naturelle et culturelle que l'Espagne, le Portugal et le Maroc ont \u00e0 offrir, nous recherchons en permanence de nouveaux forfaits et services pour nos clients.<\/p>\n<p>&nbsp;<\/p>\n<p>Nous pouvons offrir un large \u00e9ventail de logements \u00e0 travers la r\u00e9gion et cat\u00e9gories pour les services individuels et collectifs \u00e0 des prix tr\u00e8s comp\u00e9titifs. Nous pouvons faire toute sorte de services compl\u00e9mentaires: billets bateau, train, avion, bus, \u00e0 forfait, les transferts, les voitures particuli\u00e8res, location de voitures, guides, les frais d'entr\u00e9e aux monuments, excursions, activit\u00e9s culturelles, conf\u00e9rences, congr\u00e8s, incentives et services FIT.<\/p>\n<p><strong>Une \u00e9quipe de professionnels \u00e0 votre service.<\/strong><\/p>\n<p>Contactez FITSA service commercial, o\u00f9 notre personnel sera heureux de vous fournir toute information ou service que vous pourriez avoir besoin en Espagne, au Portugal, le sud de la France et le Maroc et ailleurs.<\/p>\n<p><span style=\"color: #000000;\"><b>Groupes<\/b><\/span><\/p>\n<p><strong>Pour nos groupes:<\/strong><br \/>\nNous pouvons nous adapter \u00e0 tout itin\u00e9raire pour r\u00e9pondre \u00e0 vos besoins, y compris:<\/p>\n<p><strong>H\u00f4tel<\/strong> - Transports - experts de luxe dans les autocars modernes avec des pilotes professionnels. S\u00e9lectionnez le type de v\u00e9hicule qui convient le mieux \u00e0 la taille de votre groupe.<\/p>\n<p><strong>Guides<\/strong> - guides locaux dans les principales langues parl\u00e9es dans toutes les grandes villes de l'Espagne, le Portugal et le Maroc<br \/>\nH\u00f4tesses offrent \u00e9galement des soins personnels \u00e0 temps plein tout au long de la tourn\u00e9e.<\/p>\n<p><strong>Excursions<\/strong> - Excursions de Madrid, capitale de l'Espagne et Barcelone l'organisation des Jeux Olympiques, les villes voisines les plus int\u00e9ressantes. Mais si vous pr\u00e9f\u00e9rez profiter de votre s\u00e9jour en Andalousie, vous aurez l'occasion de visiter la capitale dynamique de l'Andalousie, S\u00e9ville, o\u00f9 vous pourrez admirer, entre autres attractions culturelles de la cath\u00e9drale avec sa c\u00e9l\u00e8bre Giralda. Grenade, avec son attraction principale de l'Alhambra. Cordoba avec la Grande Mosqu\u00e9e et huiti\u00e8me synagogue ou la Costa del Sol si\u00e8cle, et profiter de ses plages et son sable fin et beau temps, vous pourrez profiter d'une excursion facultative \u00e0 Gibraltar ou aller \u00e0 Tanger appr\u00e9cier ses couleurs et grand Socco (march\u00e9), les caf\u00e9s arabes, etc. ou toute autre alternative est pittoresque T\u00e9touan M\u00e9dina de T\u00e9touan, Maroc Ecole des Arts et M\u00e9tiers d'un pays \u00e0 d\u00e9couvrir.<\/p>\n<p><strong>Les billets<\/strong> - peuvent offrir des billets pour les plus importants et visit\u00e9s monuments, mus\u00e9es, visites culturelles et les sites les plus importants des grandes villes en Espagne, au Portugal et au Maroc.<\/p>\n<p><strong> Repas<\/strong> - Tous les aliments sp\u00e9cifiques dans les restaurants tout au long de votre itin\u00e9raire en fonction de vos besoins. Nous offrons une large gamme de restaurants pour tous les go\u00fbts cuisine populaire.<\/p>\n<p><strong> Autres services<\/strong> - Nous nous adaptons \u00e0 tous les besoins de nos clients nous demander de ne pas vous d\u00e9cevoir.<\/p>\n<p>&nbsp;<\/p>\n","protected":false},"excerpt":{"rendered":"FITSA &nbsp; F.I.T.S.A. Il est un tour-op\u00e9rateur entrant fond\u00e9e en 1980 avec plus de 30 ans d'exp\u00e9rience dans le secteur. Nous offrons tous les avantages d'un op\u00e9rateur qui peut g\u00e9rer les besoins des clients de mani\u00e8re flexible et personnalis\u00e9, offrant tout du classique aux services les plus complexes et difficiles. Conscient de la superbe richesse naturelle et culturelle que l'Espagne,&nbsp;<a href=\"https:\/\/fitsa.net\/fr\/qui-sommes-nous\/\" class=\"read-more\">Lire la suite<\/a>","protected":false},"author":2,"featured_media":0,"parent":0,"menu_order":0,"comment_status":"closed","ping_status":"closed","template":"page-fullwidth.php","meta":{"_locale":"fr_FR","_original_post":"2613","footnotes":""},"_links":{"self":[{"href":"https:\/\/fitsa.net\/wp-json\/wp\/v2\/pages\/2709"}],"collection":[{"href":"https:\/\/fitsa.net\/wp-json\/wp\/v2\/pages"}],"about":[{"href":"https:\/\/fitsa.net\/wp-json\/wp\/v2\/types\/page"}],"author":[{"embeddable":true,"href":"https:\/\/fitsa.net\/wp-json\/wp\/v2\/users\/2"}],"replies":[{"embeddable":true,"href":"https:\/\/fitsa.net\/wp-json\/wp\/v2\/comments?post=2709"}],"version-history":[{"count":4,"href":"https:\/\/fitsa.net\/wp-json\/wp\/v2\/pages\/2709\/revisions"}],"predecessor-version":[{"id":2794,"href":"https:\/\/fitsa.net\/wp-json\/wp\/v2\/pages\/2709\/revisions\/2794"}],"wp:attachment":[{"href":"https:\/\/fitsa.net\/wp-json\/wp\/v2\/media?parent=2709"}],"curies":[{"name":"wp","href":"https:\/\/api.w.org\/{rel}","templated":true}]}}