{"id":2755,"date":"2017-06-12T12:15:54","date_gmt":"2017-06-12T12:15:54","guid":{"rendered":"http:\/\/fitsa.net\/?page_id=2755"},"modified":"2022-12-09T10:59:07","modified_gmt":"2022-12-09T10:59:07","slug":"hoteles","status":"publish","type":"page","link":"https:\/\/fitsa.net\/fr\/hoteles\/","title":{"rendered":"H\u00f4tels"},"content":{"rendered":"[vc_row][vc_column][vc_column_text]\n<h3 style=\"text-align: center;\">D\u00c9COUVREZ LES MEILLEURS H\u00d4TELS \u00c0 VOTRE DISPOSITION<\/h3>\n[\/vc_column_text][vc_btn title=\"VISITEZ NOTRE BOOKING\" color=\"primary\" size=\"lg\" align=\"center\" link=\"url:https%3A%2F%2Ffitsa.mixentradas.com%2Fhotel%2Fhoteles|||\"][\/vc_column][\/vc_row]\n","protected":false},"excerpt":{"rendered":"[vc_row][vc_column][vc_column_text] D\u00c9COUVREZ LES MEILLEURS H\u00d4TELS \u00c0 VOTRE DISPOSITION [\/vc_column_text][vc_btn title=\"VISITEZ NOTRE BOOKING\" color=\"primary\" size=\"lg\" align=\"center\" link=\"url:https%3A%2F%2Ffitsa.mixentradas.com%2Fhotel%2Fhoteles|||\"][\/vc_column][\/vc_row]","protected":false},"author":2,"featured_media":0,"parent":0,"menu_order":0,"comment_status":"closed","ping_status":"closed","template":"page-fullwidth.php","meta":{"_locale":"fr_FR","_original_post":"2641","footnotes":""},"_links":{"self":[{"href":"https:\/\/fitsa.net\/wp-json\/wp\/v2\/pages\/2755"}],"collection":[{"href":"https:\/\/fitsa.net\/wp-json\/wp\/v2\/pages"}],"about":[{"href":"https:\/\/fitsa.net\/wp-json\/wp\/v2\/types\/page"}],"author":[{"embeddable":true,"href":"https:\/\/fitsa.net\/wp-json\/wp\/v2\/users\/2"}],"replies":[{"embeddable":true,"href":"https:\/\/fitsa.net\/wp-json\/wp\/v2\/comments?post=2755"}],"version-history":[{"count":6,"href":"https:\/\/fitsa.net\/wp-json\/wp\/v2\/pages\/2755\/revisions"}],"predecessor-version":[{"id":3343,"href":"https:\/\/fitsa.net\/wp-json\/wp\/v2\/pages\/2755\/revisions\/3343"}],"wp:attachment":[{"href":"https:\/\/fitsa.net\/wp-json\/wp\/v2\/media?parent=2755"}],"curies":[{"name":"wp","href":"https:\/\/api.w.org\/{rel}","templated":true}]}}