{"id":2760,"date":"2017-06-12T12:19:25","date_gmt":"2017-06-12T12:19:25","guid":{"rendered":"http:\/\/fitsa.net\/?page_id=2760"},"modified":"2025-07-15T10:13:42","modified_gmt":"2025-07-15T10:13:42","slug":"billets","status":"publish","type":"page","link":"https:\/\/fitsa.net\/fr\/billets\/","title":{"rendered":"Billets"},"content":{"rendered":"[vc_row][vc_column][vc_column_text]\n<h4 style=\"text-align: center;\"><strong><span style=\"color: #000000;\">Achetez vos billets au meilleur prix et profitez de remises exceptionnelles sur les th\u00e9\u00e2tres, com\u00e9dies musicales, activit\u00e9s, parcs d'attractions, concerts, sports ...<\/span><\/strong><\/h4>\n[\/vc_column_text][vc_btn title=\"OBTENEZ-LES ICI\" color=\"primary\" size=\"lg\" align=\"center\" link=\"url:https%3A%2F%2Ffitsa.mixentradas.com%2F|||\"][\/vc_column][\/vc_row]\n","protected":false},"excerpt":{"rendered":"[vc_row][vc_column][vc_column_text] Achetez vos billets au meilleur prix et profitez de remises exceptionnelles sur les th\u00e9\u00e2tres, com\u00e9dies musicales, activit\u00e9s, parcs d'attractions, concerts, sports ... [\/vc_column_text][vc_btn title=\"OBTENEZ-LES ICI\" color=\"primary\" size=\"lg\" align=\"center\" link=\"url:https%3A%2F%2Ffitsa.mixentradas.com%2F|||\"][\/vc_column][\/vc_row]","protected":false},"author":2,"featured_media":0,"parent":0,"menu_order":0,"comment_status":"closed","ping_status":"closed","template":"page-fullwidth.php","meta":{"_locale":"fr_FR","_original_post":"2380","footnotes":""},"_links":{"self":[{"href":"https:\/\/fitsa.net\/wp-json\/wp\/v2\/pages\/2760"}],"collection":[{"href":"https:\/\/fitsa.net\/wp-json\/wp\/v2\/pages"}],"about":[{"href":"https:\/\/fitsa.net\/wp-json\/wp\/v2\/types\/page"}],"author":[{"embeddable":true,"href":"https:\/\/fitsa.net\/wp-json\/wp\/v2\/users\/2"}],"replies":[{"embeddable":true,"href":"https:\/\/fitsa.net\/wp-json\/wp\/v2\/comments?post=2760"}],"version-history":[{"count":8,"href":"https:\/\/fitsa.net\/wp-json\/wp\/v2\/pages\/2760\/revisions"}],"predecessor-version":[{"id":3346,"href":"https:\/\/fitsa.net\/wp-json\/wp\/v2\/pages\/2760\/revisions\/3346"}],"wp:attachment":[{"href":"https:\/\/fitsa.net\/wp-json\/wp\/v2\/media?parent=2760"}],"curies":[{"name":"wp","href":"https:\/\/api.w.org\/{rel}","templated":true}]}}