{"id":2767,"date":"2017-06-12T12:24:19","date_gmt":"2017-06-12T12:24:19","guid":{"rendered":"http:\/\/fitsa.net\/?page_id=2767"},"modified":"2025-07-15T10:13:42","modified_gmt":"2025-07-15T10:13:42","slug":"oficinas","status":"publish","type":"page","link":"https:\/\/fitsa.net\/fr\/oficinas\/","title":{"rendered":"Bureaux"},"content":{"rendered":"[vc_row][vc_column el_class=\"office-list\"][vc_column_text]<strong>Bureaux:<\/strong><\/p>\n<ul>\n<li><strong><a href=\"http:\/\/fitsa.net\/?page_id=2443\">Central<\/a><\/strong><\/li>\n<li><strong><a href=\"http:\/\/fitsa.net\/?page_id=2399\">C\u00e1diz<\/a><\/strong><\/li>\n<li><strong><a href=\"https:\/\/fitsa.net\/fr\/almeria\/ \">Almer\u00eda<\/a><\/strong><\/li>\n<li><strong><a href=\"http:\/\/fitsa.net\/?page_id=2405\">Granada<\/a><\/strong><\/li>\n<li><strong><a href=\"http:\/\/fitsa.net\/?page_id=2401\">M\u00e1laga<\/a><\/strong><\/li>\n<li><strong><a href=\"http:\/\/fitsa.net\/?page_id=3304\">Ja\u00e9n<\/a><\/strong><\/li>\n<li><strong><a href=\"http:\/\/fitsa.net\/?page_id=3285\">Murcia<\/a><\/strong><\/li>\n<\/ul>\n[\/vc_column_text][\/vc_column][\/vc_row]\n","protected":false},"excerpt":{"rendered":"[vc_row][vc_column el_class=\"office-list\"][vc_column_text]Bureaux: Central C\u00e1diz Almer\u00eda Granada M\u00e1laga Ja\u00e9n Murcia [\/vc_column_text][\/vc_column][\/vc_row]","protected":false},"author":2,"featured_media":0,"parent":0,"menu_order":0,"comment_status":"closed","ping_status":"closed","template":"page-fullwidth.php","meta":{"_locale":"fr_FR","_original_post":"2407","footnotes":""},"_links":{"self":[{"href":"https:\/\/fitsa.net\/wp-json\/wp\/v2\/pages\/2767"}],"collection":[{"href":"https:\/\/fitsa.net\/wp-json\/wp\/v2\/pages"}],"about":[{"href":"https:\/\/fitsa.net\/wp-json\/wp\/v2\/types\/page"}],"author":[{"embeddable":true,"href":"https:\/\/fitsa.net\/wp-json\/wp\/v2\/users\/2"}],"replies":[{"embeddable":true,"href":"https:\/\/fitsa.net\/wp-json\/wp\/v2\/comments?post=2767"}],"version-history":[{"count":5,"href":"https:\/\/fitsa.net\/wp-json\/wp\/v2\/pages\/2767\/revisions"}],"predecessor-version":[{"id":3309,"href":"https:\/\/fitsa.net\/wp-json\/wp\/v2\/pages\/2767\/revisions\/3309"}],"wp:attachment":[{"href":"https:\/\/fitsa.net\/wp-json\/wp\/v2\/media?parent=2767"}],"curies":[{"name":"wp","href":"https:\/\/api.w.org\/{rel}","templated":true}]}}