{"id":2814,"date":"2017-10-23T09:00:10","date_gmt":"2017-10-23T09:00:10","guid":{"rendered":"http:\/\/fitsa.net\/?page_id=2814"},"modified":"2025-07-15T10:13:42","modified_gmt":"2025-07-15T10:13:42","slug":"aviso-legal","status":"publish","type":"page","link":"https:\/\/fitsa.net\/fr\/aviso-legal\/","title":{"rendered":"Avis Juridique"},"content":{"rendered":"<h3 style=\"text-align: left;\">Avis Juridique<\/h3>\n<p>Conform\u00e9ment \u00e0 l'obligation d'information pr\u00e9vue \u00e0 l'article 10 de la loi 34\/2002 du 11 juillet sur les services de la soci\u00e9t\u00e9 de l'information et du commerce \u00e9lectronique, Fitsa est d\u00e9clar\u00e9e comme site web commercial g\u00e9r\u00e9 avec domicile C \/ Rio Mesa, S \/ N. Edif.-Barbarela II, 16-1\u00ba I-2. C.P. 29620 TORREMOLINOS (ESPAGNE) (Bureau Central)<\/p>\n<h3>La responsabilit\u00e9<\/h3>\n<p>Toute personne qui acc\u00e8de \u00e0 ce site Web assume le r\u00f4le d'utilisateur, s'engageant \u00e0 la stricte conformit\u00e9 et le respect des dispositions de la pr\u00e9sente, ainsi que toute autre disposition l\u00e9gale qui ne s'applique pas.<\/p>\n","protected":false},"excerpt":{"rendered":"Avis Juridique Conform\u00e9ment \u00e0 l'obligation d'information pr\u00e9vue \u00e0 l'article 10 de la loi 34\/2002 du 11 juillet sur les services de la soci\u00e9t\u00e9 de l'information et du commerce \u00e9lectronique, Fitsa est d\u00e9clar\u00e9e comme site web commercial g\u00e9r\u00e9 avec domicile C \/ Rio Mesa, S \/ N. Edif.-Barbarela II, 16-1\u00ba I-2. C.P. 29620 TORREMOLINOS (ESPAGNE) (Bureau Central) La responsabilit\u00e9 Toute personne&nbsp;<a href=\"https:\/\/fitsa.net\/fr\/aviso-legal\/\" class=\"read-more\">Lire la suite<\/a>","protected":false},"author":2,"featured_media":0,"parent":0,"menu_order":0,"comment_status":"closed","ping_status":"closed","template":"page-fullwidth.php","meta":{"_locale":"fr_FR","_original_post":"2809","footnotes":""},"_links":{"self":[{"href":"https:\/\/fitsa.net\/wp-json\/wp\/v2\/pages\/2814"}],"collection":[{"href":"https:\/\/fitsa.net\/wp-json\/wp\/v2\/pages"}],"about":[{"href":"https:\/\/fitsa.net\/wp-json\/wp\/v2\/types\/page"}],"author":[{"embeddable":true,"href":"https:\/\/fitsa.net\/wp-json\/wp\/v2\/users\/2"}],"replies":[{"embeddable":true,"href":"https:\/\/fitsa.net\/wp-json\/wp\/v2\/comments?post=2814"}],"version-history":[{"count":2,"href":"https:\/\/fitsa.net\/wp-json\/wp\/v2\/pages\/2814\/revisions"}],"predecessor-version":[{"id":2825,"href":"https:\/\/fitsa.net\/wp-json\/wp\/v2\/pages\/2814\/revisions\/2825"}],"wp:attachment":[{"href":"https:\/\/fitsa.net\/wp-json\/wp\/v2\/media?parent=2814"}],"curies":[{"name":"wp","href":"https:\/\/api.w.org\/{rel}","templated":true}]}}