{"id":2820,"date":"2017-10-23T09:16:13","date_gmt":"2017-10-23T09:16:13","guid":{"rendered":"http:\/\/fitsa.net\/?page_id=2820"},"modified":"2017-10-23T10:31:44","modified_gmt":"2017-10-23T10:31:44","slug":"termes-conditions","status":"publish","type":"page","link":"https:\/\/fitsa.net\/fr\/termes-conditions\/","title":{"rendered":"Termes et Conditions"},"content":{"rendered":"<h1 style=\"text-align: left;\"><\/h1>\n<h3>1. Introduction<\/h3>\n<p>Ces conditions g\u00e9n\u00e9rales d'utilisation du site, r\u00e8glent les modalit\u00e9s et les conditions d'acc\u00e8s et d'utilisation des www.fitsa.net, appartenant \u00e0 Flandria Internacional Voyage S.Un, demeurant \u00e0 C \/ Rio Mesa, S \/ N. Edif.-Barbarela II, 16-1\u00ba I-2. C.P. 29620 TORREMOLINOS (Espagne) et num\u00e9ro d'identification fiscale A-29536737, ci-apr\u00e8s \u00ab Portal \u00bb Portal l'utilisateur doit lire et accepter d'utiliser tous les services et informations fournies par le portail. Le simple acc\u00e8s et \/ ou l'utilisation du portail, tout ou partie de ses contenus et \/ ou services implique l'acceptation pleine et enti\u00e8re des pr\u00e9sentes conditions g\u00e9n\u00e9rales d'utilisation.<\/p>\n<h3>2. Conditions d'utilisation<\/h3>\n<p>Ces conditions g\u00e9n\u00e9rales d'utilisation du portail r\u00e9glementer l'acc\u00e8s et l'utilisation du portail, y compris le contenu et les services mis \u00e0 la disposition des utilisateurs et \/ ou sur le site Web, que ce soit \u00e0 travers le portail, soit par les utilisateurs ou par des tiers . Cependant, l'acc\u00e8s et l'utilisation de certains contenus et \/ ou services peuvent \u00eatre soumis \u00e0 certaines conditions sp\u00e9cifiques.<\/p>\n<h3>3. Modifications<\/h3>\n<p>La soci\u00e9t\u00e9 se r\u00e9serve le droit de modifier \u00e0 tout moment les conditions g\u00e9n\u00e9rales d'utilisation du portail. Dans tous les cas, il est recommand\u00e9 de consulter p\u00e9riodiquement ces conditions d'utilisation du portail, car elles peuvent \u00eatre modifi\u00e9es.<\/p>\n<h3>4. Obligations de l'utilisateur<\/h3>\n<p>L'utilisateur doit \u00e0 tout moment respecter les termes et conditions \u00e9tablis dans les pr\u00e9sentes conditions g\u00e9n\u00e9rales d'utilisation du portail. L'utilisateur d\u00e9clare express\u00e9ment qu'il utilisera le portail avec diligence et assumera toute responsabilit\u00e9 pouvant r\u00e9sulter d'une violation des r\u00e8gles.<\/p>\n<p>En outre, l'utilisateur ne peut pas utiliser le portail pour transmettre, stocker, divulguer promouvoir ou diffuser des informations ou contenus qui sont porteurs de virus ou tout autre code informatique, fichiers ou programmes con\u00e7us pour interrompre, d\u00e9truire ou alt\u00e9rer le fonctionnement de tout logiciel ou mat\u00e9riel ordinateur ou t\u00e9l\u00e9communication.<\/p>\n<h3>5. Responsabilit\u00e9 du portail<\/h3>\n<p>L'utilisateur reconna\u00eet et accepte que le portail n'accorde aucune garantie de toute nature, expresse ou implicite, sur les donn\u00e9es, contenus, informations et services qui sont incorpor\u00e9s et offerts \u00e0 partir du portail.<\/p>\n<p>Sauf dans les cas o\u00f9 la Loi l'impose express\u00e9ment, et exclusivement dans la mesure et l'\u00e9tendue qu'elle impose, Portal ne garantit ni n'assume aucune responsabilit\u00e9 pour les dommages et pertes caus\u00e9s par l'utilisation et l'utilisation d'informations, de donn\u00e9es et de services du portail.<\/p>\n<p>Dans tous les cas, le Portail exclut toute responsabilit\u00e9 pour les dommages qui pourraient \u00eatre dus \u00e0 des informations et \/ ou services fournis ou fournis par des tiers autres que la Soci\u00e9t\u00e9. Toute responsabilit\u00e9 incombe \u00e0 la tierce partie, fournisseur ou employ\u00e9.<\/p>\n<h3>6. Propri\u00e9t\u00e9 intellectuelle et industrielle<\/h3>\n<p>Tous les contenus, marques, logos, dessins, documents, logiciels ou tout autre \u00e9l\u00e9ment soumis \u00e0 la protection par la loi de la propri\u00e9t\u00e9 intellectuelle, qui sont accessibles sur le portail appartiennent exclusivement \u00e0 la soci\u00e9t\u00e9 ou \u00e0 ses propri\u00e9taires l\u00e9gitimes et sont express\u00e9ment r\u00e9serv\u00e9s tous les droits sur eux. la cr\u00e9ation de liens hypertextes (liens) \u00e0 l'un des composants des pages web du portail sans l'autorisation de la soci\u00e9t\u00e9 est express\u00e9ment interdite, \u00e0 condition qu'ils ne sont pas un portail de site Web qui ne n\u00e9cessite pas l'identification ou l'authentification d'acc\u00e8s, ou c'est limit\u00e9.<\/p>\n<p>Dans tous les cas, le portail se r\u00e9serve tous les droits sur les contenus, informations et services qu'il d\u00e9tient. Le portail n'accorde aucune licence ou autorisation d'utilisation de l'utilisateur sur ses contenus, donn\u00e9es ou services, autres que ceux explicitement d\u00e9taill\u00e9s dans les pr\u00e9sentes conditions g\u00e9n\u00e9rales d'utilisation du portail.<\/p>\n<h3>7. L\u00e9gislation applicable, juridiction et notifications<\/h3>\n<p>Les pr\u00e9sentes conditions sont r\u00e9gies et interpr\u00e9t\u00e9es selon les lois de l'Espagne. Pour toute r\u00e9clamation sera comp\u00e9tente les tribunaux et les tribunaux de Torremolinos. Tous les avis, demandes, demandes et autres communications que l'utilisateur souhaite verser au propri\u00e9taire de la soci\u00e9t\u00e9 Portal sera formul\u00e9e par \u00e9crit et seront r\u00e9put\u00e9s avoir \u00e9t\u00e9 correctement effectu\u00e9 lors de leur r\u00e9ception \u00e0 l'adresse suivante:<\/p>\n<p>C \/ Rio Mesa, S \/ N. Edif.-Barbarela II, 16-1\u00ba I-2. C.P. 29620 TORREMOLINOS (ESPAGNE).<\/p>\n","protected":false},"excerpt":{"rendered":"1. Introduction Ces conditions g\u00e9n\u00e9rales d'utilisation du site, r\u00e8glent les modalit\u00e9s et les conditions d'acc\u00e8s et d'utilisation des www.fitsa.net, appartenant \u00e0 Flandria Internacional Voyage S.Un, demeurant \u00e0 C \/ Rio Mesa, S \/ N. Edif.-Barbarela II, 16-1\u00ba I-2. C.P. 29620 TORREMOLINOS (Espagne) et num\u00e9ro d'identification fiscale A-29536737, ci-apr\u00e8s \u00ab Portal \u00bb Portal l'utilisateur doit lire et accepter d'utiliser tous les&nbsp;<a href=\"https:\/\/fitsa.net\/fr\/termes-conditions\/\" class=\"read-more\">Lire la suite<\/a>","protected":false},"author":2,"featured_media":0,"parent":0,"menu_order":0,"comment_status":"closed","ping_status":"closed","template":"page-fullwidth.php","meta":{"_locale":"fr_FR","_original_post":"2816","footnotes":""},"_links":{"self":[{"href":"https:\/\/fitsa.net\/wp-json\/wp\/v2\/pages\/2820"}],"collection":[{"href":"https:\/\/fitsa.net\/wp-json\/wp\/v2\/pages"}],"about":[{"href":"https:\/\/fitsa.net\/wp-json\/wp\/v2\/types\/page"}],"author":[{"embeddable":true,"href":"https:\/\/fitsa.net\/wp-json\/wp\/v2\/users\/2"}],"replies":[{"embeddable":true,"href":"https:\/\/fitsa.net\/wp-json\/wp\/v2\/comments?post=2820"}],"version-history":[{"count":2,"href":"https:\/\/fitsa.net\/wp-json\/wp\/v2\/pages\/2820\/revisions"}],"predecessor-version":[{"id":2823,"href":"https:\/\/fitsa.net\/wp-json\/wp\/v2\/pages\/2820\/revisions\/2823"}],"wp:attachment":[{"href":"https:\/\/fitsa.net\/wp-json\/wp\/v2\/media?parent=2820"}],"curies":[{"name":"wp","href":"https:\/\/api.w.org\/{rel}","templated":true}]}}