{"id":3055,"date":"2018-07-02T17:43:22","date_gmt":"2018-07-02T17:43:22","guid":{"rendered":"https:\/\/fitsa.net\/?page_id=3055"},"modified":"2022-10-27T11:41:55","modified_gmt":"2022-10-27T11:41:55","slug":"ceuta-1-jour-shopping","status":"publish","type":"page","link":"https:\/\/fitsa.net\/fr\/excursions\/ceuta-1-jour-shopping\/","title":{"rendered":"CEUTA 1 JOURNEE DE SHOPPING"},"content":{"rendered":"[vc_row][vc_column][vc_single_image image=\"3168\" img_size=\"medium\" alignment=\"center\"][vc_column_text]Accueil par notre personnel au port d'Alg\u00e9siras et excursion en bateau rapide (45 minutes environ). Ceuta est une ville espagnole en Afrique du Nord, l'un des piliers mythiques d'Hercule dans le d\u00e9troit de Gibraltar, o\u00f9 ils vivent en harmonie et quatre cultures: les chr\u00e9tiens, les musulmans, les juifs et les hindous. La ville est arrang\u00e9e sur une petite p\u00e9ninsule, et a un climat merveilleux et un caract\u00e8re commercial marqu\u00e9. \u00c0 l'arriv\u00e9e, l'h\u00e9bergement en autocar ou en minibus et transfert vers le centre historique de la ville, o\u00f9 le principal, bien d\u00e9fini de la Place de la Constitution \u00e0 la Plaza de Azcarate le long de la zone commer\u00e7ante Paseo del Revell\u00edn est situ\u00e9. Tout pr\u00e8s, sur l'Avenida de la Marina, se trouve le Parc Maritime de la M\u00e9diterran\u00e9e, ouvrage posthume de C\u00e9sar Manrique (ouvert uniquement en saison). Dans l'apr\u00e8s-midi, et \u00e0 l'heure indiqu\u00e9e par notre personnel, pr\u00e9sentation au port de Ceuta pour faire le voyage de retour en bateau \u00e0 grande vitesse \u00e0 Algeciras.<\/p>\n<p>&nbsp;<\/p>\n<p>Passages en bateau rapide Algeciras \/ Ceuta aller-retour, et l'assistance de notre personnel.<\/p>\n<p>Transfert \u00e0 l'arriv\u00e9e du port de Ceuta au centre de la ville en bus ou en minibus<\/p>\n<p>(retour au port pour le compte du client).<\/p>\n<p>&nbsp;<\/p>\n<p>R\u00e9duction pour les mineurs: NON[\/vc_column_text][\/vc_column][\/vc_row][vc_row][vc_column][vc_column_text]\n<h2 style=\"text-align: center;\"><strong>Demande de budget<\/strong><\/h2>\n[\/vc_column_text][vc_column_text]\n<div class=\"wpcf7 no-js\" id=\"wpcf7-f3061-o1\" lang=\"es-ES\" dir=\"ltr\">\n<div class=\"screen-reader-response\"><p role=\"status\" aria-live=\"polite\" aria-atomic=\"true\"><\/p> <ul><\/ul><\/div>\n<form action=\"\/fr\/wp-json\/wp\/v2\/pages\/3055#wpcf7-f3061-o1\" method=\"post\" class=\"wpcf7-form init\" aria-label=\"Formulario de contacto\" novalidate=\"novalidate\" data-status=\"init\">\n<div style=\"display: none;\">\n<input type=\"hidden\" name=\"_wpcf7\" value=\"3061\" \/>\n<input type=\"hidden\" name=\"_wpcf7_version\" value=\"5.9.3\" \/>\n<input type=\"hidden\" name=\"_wpcf7_locale\" value=\"es_ES\" \/>\n<input type=\"hidden\" name=\"_wpcf7_unit_tag\" value=\"wpcf7-f3061-o1\" \/>\n<input type=\"hidden\" name=\"_wpcf7_container_post\" value=\"0\" \/>\n<input type=\"hidden\" name=\"_wpcf7_posted_data_hash\" value=\"\" \/>\n<input type=\"hidden\" name=\"_wpcf7_recaptcha_response\" value=\"\" \/>\n<\/div>\n<p>Pr\u00e9nom *\n<\/p>\n<p><span class=\"wpcf7-form-control-wrap\" data-name=\"your-name\"><input size=\"40\" class=\"wpcf7-form-control wpcf7-text wpcf7-validates-as-required\" aria-required=\"true\" aria-invalid=\"false\" value=\"\" type=\"text\" name=\"your-name\" \/><\/span>\n<\/p>\n<p>E-Mail *\n<\/p>\n<p><span class=\"wpcf7-form-control-wrap\" data-name=\"your-email\"><input size=\"40\" class=\"wpcf7-form-control wpcf7-email wpcf7-validates-as-required wpcf7-text wpcf7-validates-as-email\" aria-required=\"true\" aria-invalid=\"false\" value=\"\" type=\"email\" name=\"your-email\" \/><\/span>\n<\/p>\n<p>T\u00e9l\u00e9phone *\n<\/p>\n<p><span class=\"wpcf7-form-control-wrap\" data-name=\"tel-934\"><input size=\"40\" class=\"wpcf7-form-control wpcf7-tel wpcf7-validates-as-required wpcf7-text wpcf7-validates-as-tel\" aria-required=\"true\" aria-invalid=\"false\" value=\"\" type=\"tel\" name=\"tel-934\" \/><\/span>\n<\/p>\n<p>Message\n<\/p>\n<p><span class=\"wpcf7-form-control-wrap\" data-name=\"your-message\"><textarea cols=\"40\" rows=\"10\" class=\"wpcf7-form-control wpcf7-textarea\" aria-invalid=\"false\" name=\"your-message\"><\/textarea><\/span>\n<\/p>\n<p><span class=\"wpcf7-form-control-wrap\" data-name=\"acceptance-privacidad\"><span class=\"wpcf7-form-control wpcf7-acceptance\"><span class=\"wpcf7-list-item\"><label><input type=\"checkbox\" name=\"acceptance-privacidad\" value=\"1\" aria-invalid=\"false\" \/><span class=\"wpcf7-list-item-label\">J'ai lu et j'accepte la . <a href=\"\/politica-de-privacidad\/\" target=\"_blank\">politique de confidentialit\u00e9<\/a>.<\/span><\/label><\/span><\/span><\/span>\n<\/p>\n<p><span class=\"wpcf7-form-control-wrap\" data-name=\"acceptance-comercial\"><span class=\"wpcf7-form-control wpcf7-acceptance optional\"><span class=\"wpcf7-list-item\"><label><input type=\"checkbox\" name=\"acceptance-comercial\" value=\"1\" aria-invalid=\"false\" \/><span class=\"wpcf7-list-item-label\">J'accepte l'envoi de communications commerciales me proposant des produits de l'entreprise<\/span><\/label><\/span><\/span><\/span>\n<\/p>\n<p><input class=\"wpcf7-form-control wpcf7-submit has-spinner\" type=\"submit\" value=\"Envoyer\" \/>\n<\/p><div class=\"wpcf7-response-output\" aria-hidden=\"true\"><\/div>\n<\/form>\n<\/div>\n[\/vc_column_text][\/vc_column][\/vc_row]\n","protected":false},"excerpt":{"rendered":"[vc_row][vc_column][vc_single_image image=\"3168\" img_size=\"medium\" alignment=\"center\"][vc_column_text]Accueil par notre personnel au port d'Alg\u00e9siras et excursion en bateau rapide (45 minutes environ). Ceuta est une ville espagnole en Afrique du Nord, l'un des piliers mythiques d'Hercule dans le d\u00e9troit de Gibraltar, o\u00f9 ils vivent en harmonie et quatre cultures: les chr\u00e9tiens, les musulmans, les juifs et les hindous. La ville est arrang\u00e9e sur une&nbsp;<a href=\"https:\/\/fitsa.net\/fr\/excursions\/ceuta-1-jour-shopping\/\" class=\"read-more\">Lire la suite<\/a>","protected":false},"author":2,"featured_media":0,"parent":2762,"menu_order":0,"comment_status":"closed","ping_status":"closed","template":"page-fullwidth.php","meta":{"_locale":"fr_FR","_original_post":"2972","footnotes":""},"_links":{"self":[{"href":"https:\/\/fitsa.net\/wp-json\/wp\/v2\/pages\/3055"}],"collection":[{"href":"https:\/\/fitsa.net\/wp-json\/wp\/v2\/pages"}],"about":[{"href":"https:\/\/fitsa.net\/wp-json\/wp\/v2\/types\/page"}],"author":[{"embeddable":true,"href":"https:\/\/fitsa.net\/wp-json\/wp\/v2\/users\/2"}],"replies":[{"embeddable":true,"href":"https:\/\/fitsa.net\/wp-json\/wp\/v2\/comments?post=3055"}],"version-history":[{"count":6,"href":"https:\/\/fitsa.net\/wp-json\/wp\/v2\/pages\/3055\/revisions"}],"predecessor-version":[{"id":3322,"href":"https:\/\/fitsa.net\/wp-json\/wp\/v2\/pages\/3055\/revisions\/3322"}],"up":[{"embeddable":true,"href":"https:\/\/fitsa.net\/wp-json\/wp\/v2\/pages\/2762"}],"wp:attachment":[{"href":"https:\/\/fitsa.net\/wp-json\/wp\/v2\/media?parent=3055"}],"curies":[{"name":"wp","href":"https:\/\/api.w.org\/{rel}","templated":true}]}}