{"id":3075,"date":"2018-07-03T09:18:39","date_gmt":"2018-07-03T09:18:39","guid":{"rendered":"https:\/\/fitsa.net\/?page_id=3075"},"modified":"2022-10-27T11:39:55","modified_gmt":"2022-10-27T11:39:55","slug":"excursion-tanger-2-jours","status":"publish","type":"page","link":"https:\/\/fitsa.net\/fr\/excursions\/excursion-tanger-2-jours\/","title":{"rendered":"Excursion Tanger 2 Jours"},"content":{"rendered":"[vc_row][vc_column][vc_single_image image=\"3167\" img_size=\"medium\" alignment=\"center\"][vc_column_text]<span style=\"color: #000000;\"><strong>1er jour<\/strong><\/span><\/p>\n<p><span style=\"color: #000000;\">Accueil par notre personnel au port d'Alg\u00e9siras et excursion en bateau rapide (environ 45 minutes) jusqu'\u00e0 Ceuta. \u00c0 l'arriv\u00e9e, h\u00e9bergement en autocar ou en minibus, proc\u00e9dures frontali\u00e8res avec le Maroc et transfert \u00e0 T\u00e9touan, capitale du protectorat espagnol jusqu'en 1956, et la ville la plus andalouse du Maroc, \u00e9galement connue sous le nom de \"La Paloma Blanca\". Parmi les autres lieux d'int\u00e9r\u00eat, nous visiterons: la Plaza Hassan II, o\u00f9 se trouve le Palais Royal, le quartier juif ou \"Mellah\", le souk berb\u00e8re et la M\u00e9dina.<\/span><\/p>\n<p><span style=\"color: #000000;\">A midi, d\u00e9jeuner dans un restaurant marocain typique anim\u00e9 par le folklore de la r\u00e9gion. Il est temps de faire du shopping et de continuer vers Tanger, une ville mill\u00e9naire domin\u00e9e par des villes diverses tout au long de son histoire, et d\u00e9clar\u00e9e ville internationale pendant une bonne partie du milieu du XXe si\u00e8cle. Aujourd'hui, c'est la capitale \u00e9conomique et administrative de la r\u00e9gion nord du Maroc et un centre d'affaires important et cosmopolite. Visite de la ville moderne: la Plaza de Francia, le boulevard Pasteur et les quartiers diplomatiques. Visitez la vieille ville ou M\u00e9dina, et l'un de ses souks les plus caract\u00e9ristiques. Apr\u00e8s la visite de Tanger, transfert \u00e0 l'h\u00f4tel s\u00e9lectionn\u00e9. D\u00eener et logement.<\/span><\/p>\n<p><span style=\"color: #000000;\"><strong>Jour 2<\/strong><\/span><\/p>\n<p><span style=\"color: #000000;\">Petit d\u00e9jeuner et journ\u00e9e libre pour profiter de Tanger \u00e0 votre guise. Dans l'apr\u00e8s-midi, et \u00e0 l'heure indiqu\u00e9e par notre guide, ramass\u00e9 \u00e0 l'h\u00f4tel, retour \u00e0 Ceuta et embarquement \u00e0 Algeciras.<\/span><\/p>\n<p><span style=\"color: #000000;\">\"Possibilit\u00e9 d'ajouter des nuits suppl\u00e9mentaires\"<\/span>[\/vc_column_text][\/vc_column][\/vc_row][vc_row][vc_column][vc_column_text]\n<h2>Demande \u00e0 budget<\/h2>\n[\/vc_column_text][vc_column_text]\n<div class=\"wpcf7 no-js\" id=\"wpcf7-f3077-o1\" lang=\"es-ES\" dir=\"ltr\">\n<div class=\"screen-reader-response\"><p role=\"status\" aria-live=\"polite\" aria-atomic=\"true\"><\/p> <ul><\/ul><\/div>\n<form action=\"\/fr\/wp-json\/wp\/v2\/pages\/3075#wpcf7-f3077-o1\" method=\"post\" class=\"wpcf7-form init\" aria-label=\"Formulario de contacto\" novalidate=\"novalidate\" data-status=\"init\">\n<div style=\"display: none;\">\n<input type=\"hidden\" name=\"_wpcf7\" value=\"3077\" \/>\n<input type=\"hidden\" name=\"_wpcf7_version\" value=\"5.9.3\" \/>\n<input type=\"hidden\" name=\"_wpcf7_locale\" value=\"es_ES\" \/>\n<input type=\"hidden\" name=\"_wpcf7_unit_tag\" value=\"wpcf7-f3077-o1\" \/>\n<input type=\"hidden\" name=\"_wpcf7_container_post\" value=\"0\" \/>\n<input type=\"hidden\" name=\"_wpcf7_posted_data_hash\" value=\"\" \/>\n<input type=\"hidden\" name=\"_wpcf7_recaptcha_response\" value=\"\" \/>\n<\/div>\n<p>Pr\u00e9nom *\n<\/p>\n<p><span class=\"wpcf7-form-control-wrap\" data-name=\"your-name\"><input size=\"40\" class=\"wpcf7-form-control wpcf7-text wpcf7-validates-as-required\" aria-required=\"true\" aria-invalid=\"false\" value=\"\" type=\"text\" name=\"your-name\" \/><\/span>\n<\/p>\n<p>E-Mail*\n<\/p>\n<p><span class=\"wpcf7-form-control-wrap\" data-name=\"your-email\"><input size=\"40\" class=\"wpcf7-form-control wpcf7-email wpcf7-validates-as-required wpcf7-text wpcf7-validates-as-email\" aria-required=\"true\" aria-invalid=\"false\" value=\"\" type=\"email\" name=\"your-email\" \/><\/span>\n<\/p>\n<p>T\u00e9l\u00e9phone *\n<\/p>\n<p><span class=\"wpcf7-form-control-wrap\" data-name=\"tel-934\"><input size=\"40\" class=\"wpcf7-form-control wpcf7-tel wpcf7-validates-as-required wpcf7-text wpcf7-validates-as-tel\" aria-required=\"true\" aria-invalid=\"false\" value=\"\" type=\"tel\" name=\"tel-934\" \/><\/span>\n<\/p>\n<p>Message\n<\/p>\n<p><span class=\"wpcf7-form-control-wrap\" data-name=\"your-message\"><textarea cols=\"40\" rows=\"10\" class=\"wpcf7-form-control wpcf7-textarea\" aria-invalid=\"false\" name=\"your-message\"><\/textarea><\/span>\n<\/p>\n<p><span class=\"wpcf7-form-control-wrap\" data-name=\"acceptance-privacidad\"><span class=\"wpcf7-form-control wpcf7-acceptance\"><span class=\"wpcf7-list-item\"><label><input type=\"checkbox\" name=\"acceptance-privacidad\" value=\"1\" aria-invalid=\"false\" \/><span class=\"wpcf7-list-item-label\">J'ai lu et j'accepte la . <a href=\"\/politica-de-privacidad\/\" target=\"_blank\">politique de confidentialit\u00e9<\/a>.<\/span><\/label><\/span><\/span><\/span>\n<\/p>\n<p><span class=\"wpcf7-form-control-wrap\" data-name=\"acceptance-comercial\"><span class=\"wpcf7-form-control wpcf7-acceptance optional\"><span class=\"wpcf7-list-item\"><label><input type=\"checkbox\" name=\"acceptance-comercial\" value=\"1\" aria-invalid=\"false\" \/><span class=\"wpcf7-list-item-label\">J'accepte l'envoi de communications commerciales me proposant des produits de l'entreprise<\/span><\/label><\/span><\/span><\/span>\n<\/p>\n<p><input class=\"wpcf7-form-control wpcf7-submit has-spinner\" type=\"submit\" value=\"Envoyer\" \/>\n<\/p><div class=\"wpcf7-response-output\" aria-hidden=\"true\"><\/div>\n<\/form>\n<\/div>\n[\/vc_column_text][\/vc_column][\/vc_row][vc_row][vc_column][\/vc_column][\/vc_row]\n","protected":false},"excerpt":{"rendered":"[vc_row][vc_column][vc_single_image image=\"3167\" img_size=\"medium\" alignment=\"center\"][vc_column_text]1er jour Accueil par notre personnel au port d'Alg\u00e9siras et excursion en bateau rapide (environ 45 minutes) jusqu'\u00e0 Ceuta. \u00c0 l'arriv\u00e9e, h\u00e9bergement en autocar ou en minibus, proc\u00e9dures frontali\u00e8res avec le Maroc et transfert \u00e0 T\u00e9touan, capitale du protectorat espagnol jusqu'en 1956, et la ville la plus andalouse du Maroc, \u00e9galement connue sous le nom de \"La&nbsp;<a href=\"https:\/\/fitsa.net\/fr\/excursions\/excursion-tanger-2-jours\/\" class=\"read-more\">Lire la suite<\/a>","protected":false},"author":2,"featured_media":0,"parent":2762,"menu_order":0,"comment_status":"closed","ping_status":"closed","template":"page-fullwidth.php","meta":{"_locale":"fr_FR","_original_post":"2963","footnotes":""},"_links":{"self":[{"href":"https:\/\/fitsa.net\/wp-json\/wp\/v2\/pages\/3075"}],"collection":[{"href":"https:\/\/fitsa.net\/wp-json\/wp\/v2\/pages"}],"about":[{"href":"https:\/\/fitsa.net\/wp-json\/wp\/v2\/types\/page"}],"author":[{"embeddable":true,"href":"https:\/\/fitsa.net\/wp-json\/wp\/v2\/users\/2"}],"replies":[{"embeddable":true,"href":"https:\/\/fitsa.net\/wp-json\/wp\/v2\/comments?post=3075"}],"version-history":[{"count":6,"href":"https:\/\/fitsa.net\/wp-json\/wp\/v2\/pages\/3075\/revisions"}],"predecessor-version":[{"id":3319,"href":"https:\/\/fitsa.net\/wp-json\/wp\/v2\/pages\/3075\/revisions\/3319"}],"up":[{"embeddable":true,"href":"https:\/\/fitsa.net\/wp-json\/wp\/v2\/pages\/2762"}],"wp:attachment":[{"href":"https:\/\/fitsa.net\/wp-json\/wp\/v2\/media?parent=3075"}],"curies":[{"name":"wp","href":"https:\/\/api.w.org\/{rel}","templated":true}]}}