{"id":3081,"date":"2018-07-03T09:33:20","date_gmt":"2018-07-03T09:33:20","guid":{"rendered":"https:\/\/fitsa.net\/?page_id=3081"},"modified":"2022-10-27T11:43:27","modified_gmt":"2022-10-27T11:43:27","slug":"evasion-a-tanger-3-jours-2-nuits","status":"publish","type":"page","link":"https:\/\/fitsa.net\/fr\/excursions\/evasion-a-tanger-3-jours-2-nuits\/","title":{"rendered":"\u00c9vasion \u00c0 Tanger 3 Jours (2 Nuits)"},"content":{"rendered":"[vc_row][vc_column][vc_single_image image=\"3170\" img_size=\"medium\" alignment=\"center\"][vc_column_text]<span style=\"color: #000000;\">Tanger est une ville cosmopolite et multiculturelle, consid\u00e9r\u00e9e comme la capitale du nord du Maroc. C'est aussi un important centre d'affaires et une porte d'entr\u00e9e vers le continent africain.<\/span><\/p>\n<p><span style=\"color: #000000;\">Beaucoup le choisissent, en raison de sa proximit\u00e9 avec l'Europe, comme point de d\u00e9part pour apprendre \u00e0 conna\u00eetre le pays, mais la ville elle-m\u00eame a beaucoup de charme. Ses rues, sa m\u00e9dina, ses souks, ses remparts, ses restaurants, ses quartiers et bien s\u00fbr ses habitants, feront de cette visite une exp\u00e9rience inoubliable.<\/span><\/p>\n<p><span style=\"color: #000000;\">C'est un endroit parfait pour faire du shopping, en particulier des produits typiquement marocains tels que l'artisanat \u00e0 bon prix ou des produits de beaut\u00e9, mais aussi pour essayer le meilleur de la cuisine marocaine et internationale et s'impr\u00e9gner de la culture, des odeurs et des couleurs. coin<\/span><\/p>\n<p><span style=\"color: #000000;\">Le forfait comprend des billets de ferry aller-retour rapides de Tarifa, le transfert du port de Tanger Ville \u00e0 l'h\u00f4tel s\u00e9lectionn\u00e9, le s\u00e9jour \u00e0 l'h\u00f4tel avec le r\u00e9gime que vous avez choisi et le ramassage pour le retour au port.<\/span><\/p>\n<p><span style=\"color: #000000;\">Le prix est imbattable et les h\u00f4tels s\u00e9lectionn\u00e9s ont une qualit\u00e9 de prix impeccable. Choisissez l'h\u00f4tel qui correspond le mieux \u00e0 vos go\u00fbts et besoins et passez deux jours de r\u00eave \u00e0 Tanger.<\/span><\/p>\n<p><span style=\"color: #000000;\">Tarif Ferry Rapide \/ Tanger \/ Tarif.<\/span><\/p>\n<p><span style=\"color: #000000;\">Transferts du port de Tanger, h\u00f4tel Tanger, port de Tanger.<\/span><\/p>\n<p><span style=\"color: #000000;\">2 nuits en formule bed &amp; breakfast dans un h\u00f4tel 3 \u00e9toiles (Tarik, Chellah).<\/span><\/p>\n<p><span style=\"color: #000000;\">Assurance voyage Mapfre incluse.<\/span><\/p>\n<p><span style=\"color: #000000;\">Documentation: passeport obligatoire. Visa pour les pays qui l'exigent.<\/span>[\/vc_column_text][\/vc_column][\/vc_row][vc_row][vc_column][vc_column_text]\n<h2 style=\"text-align: center;\">Demande \u00e0\u00a0 budget<\/h2>\n[\/vc_column_text][vc_column_text]\n<div class=\"wpcf7 no-js\" id=\"wpcf7-f3083-o1\" lang=\"es-ES\" dir=\"ltr\">\n<div class=\"screen-reader-response\"><p role=\"status\" aria-live=\"polite\" aria-atomic=\"true\"><\/p> <ul><\/ul><\/div>\n<form action=\"\/fr\/wp-json\/wp\/v2\/pages\/3081#wpcf7-f3083-o1\" method=\"post\" class=\"wpcf7-form init\" aria-label=\"Formulario de contacto\" novalidate=\"novalidate\" data-status=\"init\">\n<div style=\"display: none;\">\n<input type=\"hidden\" name=\"_wpcf7\" value=\"3083\" \/>\n<input type=\"hidden\" name=\"_wpcf7_version\" value=\"5.9.3\" \/>\n<input type=\"hidden\" name=\"_wpcf7_locale\" value=\"es_ES\" \/>\n<input type=\"hidden\" name=\"_wpcf7_unit_tag\" value=\"wpcf7-f3083-o1\" \/>\n<input type=\"hidden\" name=\"_wpcf7_container_post\" value=\"0\" \/>\n<input type=\"hidden\" name=\"_wpcf7_posted_data_hash\" value=\"\" \/>\n<input type=\"hidden\" name=\"_wpcf7_recaptcha_response\" value=\"\" \/>\n<\/div>\n<p>Pr\u00e9nom *\n<\/p>\n<p><span class=\"wpcf7-form-control-wrap\" data-name=\"your-name\"><input size=\"40\" class=\"wpcf7-form-control wpcf7-text wpcf7-validates-as-required\" aria-required=\"true\" aria-invalid=\"false\" value=\"\" type=\"text\" name=\"your-name\" \/><\/span>\n<\/p>\n<p>E-amil *\n<\/p>\n<p><span class=\"wpcf7-form-control-wrap\" data-name=\"your-email\"><input size=\"40\" class=\"wpcf7-form-control wpcf7-email wpcf7-validates-as-required wpcf7-text wpcf7-validates-as-email\" aria-required=\"true\" aria-invalid=\"false\" value=\"\" type=\"email\" name=\"your-email\" \/><\/span>\n<\/p>\n<p>Tel\u00e9phone *\n<\/p>\n<p><span class=\"wpcf7-form-control-wrap\" data-name=\"tel-934\"><input size=\"40\" class=\"wpcf7-form-control wpcf7-tel wpcf7-validates-as-required wpcf7-text wpcf7-validates-as-tel\" aria-required=\"true\" aria-invalid=\"false\" value=\"\" type=\"tel\" name=\"tel-934\" \/><\/span>\n<\/p>\n<p>Message\n<\/p>\n<p><span class=\"wpcf7-form-control-wrap\" data-name=\"your-message\"><textarea cols=\"40\" rows=\"10\" class=\"wpcf7-form-control wpcf7-textarea\" aria-invalid=\"false\" name=\"your-message\"><\/textarea><\/span>\n<\/p>\n<p><span class=\"wpcf7-form-control-wrap\" data-name=\"acceptance-privacidad\"><span class=\"wpcf7-form-control wpcf7-acceptance\"><span class=\"wpcf7-list-item\"><label><input type=\"checkbox\" name=\"acceptance-privacidad\" value=\"1\" aria-invalid=\"false\" \/><span class=\"wpcf7-list-item-label\">J'ai lu et j'accepte la . <a href=\"\/politica-de-privacidad\/\" target=\"_blank\">politique de confidentialit\u00e9<\/a>.<\/span><\/label><\/span><\/span><\/span>\n<\/p>\n<p><span class=\"wpcf7-form-control-wrap\" data-name=\"acceptance-comercial\"><span class=\"wpcf7-form-control wpcf7-acceptance optional\"><span class=\"wpcf7-list-item\"><label><input type=\"checkbox\" name=\"acceptance-comercial\" value=\"1\" aria-invalid=\"false\" \/><span class=\"wpcf7-list-item-label\">J'accepte l'envoi de communications commerciales me proposant des produits de l'entreprise<\/span><\/label><\/span><\/span><\/span>\n<\/p>\n<p><input class=\"wpcf7-form-control wpcf7-submit has-spinner\" type=\"submit\" value=\"Envoyer\" \/>\n<\/p><div class=\"wpcf7-response-output\" aria-hidden=\"true\"><\/div>\n<\/form>\n<\/div>\n[\/vc_column_text][\/vc_column][\/vc_row]\n","protected":false},"excerpt":{"rendered":"[vc_row][vc_column][vc_single_image image=\"3170\" img_size=\"medium\" alignment=\"center\"][vc_column_text]Tanger est une ville cosmopolite et multiculturelle, consid\u00e9r\u00e9e comme la capitale du nord du Maroc. C'est aussi un important centre d'affaires et une porte d'entr\u00e9e vers le continent africain. Beaucoup le choisissent, en raison de sa proximit\u00e9 avec l'Europe, comme point de d\u00e9part pour apprendre \u00e0 conna\u00eetre le pays, mais la ville elle-m\u00eame a beaucoup de charme.&nbsp;<a href=\"https:\/\/fitsa.net\/fr\/excursions\/evasion-a-tanger-3-jours-2-nuits\/\" class=\"read-more\">Lire la suite<\/a>","protected":false},"author":2,"featured_media":0,"parent":2762,"menu_order":0,"comment_status":"closed","ping_status":"closed","template":"page-fullwidth.php","meta":{"_locale":"fr_FR","_original_post":"2978","footnotes":""},"_links":{"self":[{"href":"https:\/\/fitsa.net\/wp-json\/wp\/v2\/pages\/3081"}],"collection":[{"href":"https:\/\/fitsa.net\/wp-json\/wp\/v2\/pages"}],"about":[{"href":"https:\/\/fitsa.net\/wp-json\/wp\/v2\/types\/page"}],"author":[{"embeddable":true,"href":"https:\/\/fitsa.net\/wp-json\/wp\/v2\/users\/2"}],"replies":[{"embeddable":true,"href":"https:\/\/fitsa.net\/wp-json\/wp\/v2\/comments?post=3081"}],"version-history":[{"count":9,"href":"https:\/\/fitsa.net\/wp-json\/wp\/v2\/pages\/3081\/revisions"}],"predecessor-version":[{"id":3325,"href":"https:\/\/fitsa.net\/wp-json\/wp\/v2\/pages\/3081\/revisions\/3325"}],"up":[{"embeddable":true,"href":"https:\/\/fitsa.net\/wp-json\/wp\/v2\/pages\/2762"}],"wp:attachment":[{"href":"https:\/\/fitsa.net\/wp-json\/wp\/v2\/media?parent=3081"}],"curies":[{"name":"wp","href":"https:\/\/api.w.org\/{rel}","templated":true}]}}